{"id":1218,"date":"2025-10-23T11:14:12","date_gmt":"2025-10-23T14:14:12","guid":{"rendered":"https:\/\/xn--leituraobrigatria-tyb.com\/?page_id=1218"},"modified":"2025-10-23T11:14:14","modified_gmt":"2025-10-23T14:14:14","slug":"politica-de-privacidade-lgpd","status":"publish","type":"page","link":"https:\/\/leituraobrigat\u00f3ria.com\/?page_id=1218","title":{"rendered":"Pol\u00edtica de Privacidade (LGPD)"},"content":{"rendered":"\n<p>Respeitamos a sua privacidade.<br>Todas as informa\u00e7\u00f5es pessoais recolhidas ser\u00e3o usadas apenas para tornar sua visita o mais produtiva e agrad\u00e1vel poss\u00edvel.<\/p>\n\n\n\n<p>Os dados pessoais dos usu\u00e1rios podem incluir: nome, e-mail e informa\u00e7\u00f5es fornecidas em formul\u00e1rios.<br>N\u00e3o vendemos nem compartilhamos dados com terceiros, exceto quando necess\u00e1rio para funcionamento de ferramentas (como formul\u00e1rios ou newsletter).<\/p>\n\n\n\n<p>Cookies: utilizamos cookies para melhorar a navega\u00e7\u00e3o e medir estat\u00edsticas de uso.<br>Afiliados: nossos links podem conter cookies de parceiros, como o Programa de Associados da Amazon.<\/p>\n\n\n\n<p>Conforme a Lei Geral de Prote\u00e7\u00e3o de Dados (Lei n\u00ba 13.709\/2018), voc\u00ea pode solicitar exclus\u00e3o dos seus dados a qualquer momento.<\/p>\n\n\n\n<p><\/p>\n","protected":false},"excerpt":{"rendered":"<p>Respeitamos a sua privacidade.Todas as informa\u00e7\u00f5es pessoais recolhidas ser\u00e3o usadas apenas para tornar sua visita o mais produtiva e agrad\u00e1vel poss\u00edvel. Os dados pessoais dos usu\u00e1rios podem incluir: nome, e-mail e informa\u00e7\u00f5es fornecidas em formul\u00e1rios.N\u00e3o vendemos nem compartilhamos dados com terceiros, exceto quando necess\u00e1rio para funcionamento de ferramentas (como formul\u00e1rios ou newsletter). Cookies: utilizamos cookies [&hellip;]<\/p>\n","protected":false},"author":1,"featured_media":0,"parent":0,"menu_order":0,"comment_status":"closed","ping_status":"closed","template":"","meta":{"_uag_custom_page_level_css":"","footnotes":""},"class_list":["post-1218","page","type-page","status-publish","hentry"],"_hostinger_reach_plugin_has_subscription_block":false,"_hostinger_reach_plugin_is_elementor":false,"uagb_featured_image_src":{"full":false,"thumbnail":false,"medium":false,"medium_large":false,"large":false,"1536x1536":false,"2048x2048":false,"woocommerce_thumbnail":false,"woocommerce_single":false,"woocommerce_gallery_thumbnail":false},"uagb_author_info":{"display_name":"Maicon Roberto","author_link":"https:\/\/leituraobrigat\u00f3ria.com\/author\/escolaesekgmail-com"},"uagb_comment_info":0,"uagb_excerpt":"Respeitamos a sua privacidade.Todas as informa\u00e7\u00f5es pessoais recolhidas ser\u00e3o usadas apenas para tornar sua visita o mais produtiva e agrad\u00e1vel poss\u00edvel. Os dados pessoais dos usu\u00e1rios podem incluir: nome, e-mail e informa\u00e7\u00f5es fornecidas em formul\u00e1rios.N\u00e3o vendemos nem compartilhamos dados com terceiros, exceto quando necess\u00e1rio para funcionamento de ferramentas (como formul\u00e1rios ou newsletter). Cookies: utilizamos cookies&hellip;","_links":{"self":[{"href":"https:\/\/leituraobrigat\u00f3ria.com\/index.php?rest_route=\/wp\/v2\/pages\/1218","targetHints":{"allow":["GET"]}}],"collection":[{"href":"https:\/\/leituraobrigat\u00f3ria.com\/index.php?rest_route=\/wp\/v2\/pages"}],"about":[{"href":"https:\/\/leituraobrigat\u00f3ria.com\/index.php?rest_route=\/wp\/v2\/types\/page"}],"author":[{"embeddable":true,"href":"https:\/\/leituraobrigat\u00f3ria.com\/index.php?rest_route=\/wp\/v2\/users\/1"}],"replies":[{"embeddable":true,"href":"https:\/\/leituraobrigat\u00f3ria.com\/index.php?rest_route=%2Fwp%2Fv2%2Fcomments&post=1218"}],"version-history":[{"count":1,"href":"https:\/\/leituraobrigat\u00f3ria.com\/index.php?rest_route=\/wp\/v2\/pages\/1218\/revisions"}],"predecessor-version":[{"id":1219,"href":"https:\/\/leituraobrigat\u00f3ria.com\/index.php?rest_route=\/wp\/v2\/pages\/1218\/revisions\/1219"}],"wp:attachment":[{"href":"https:\/\/leituraobrigat\u00f3ria.com\/index.php?rest_route=%2Fwp%2Fv2%2Fmedia&parent=1218"}],"curies":[{"name":"wp","href":"https:\/\/api.w.org\/{rel}","templated":true}]}}