{"id":169,"date":"2025-09-22T10:30:54","date_gmt":"2025-09-22T13:30:54","guid":{"rendered":"https:\/\/xn--leituraobrigatria-tyb.com\/?post_type=product&#038;p=169"},"modified":"2025-10-05T11:07:38","modified_gmt":"2025-10-05T14:07:38","slug":"me-poupe-educacao-financeira-descomplicada-para-conquistar-liberdade-e-riqueza","status":"publish","type":"product","link":"https:\/\/leituraobrigat\u00f3ria.com\/?product=me-poupe-educacao-financeira-descomplicada-para-conquistar-liberdade-e-riqueza","title":{"rendered":"Me Poupe! \u2013 Educa\u00e7\u00e3o Financeira Descomplicada para Conquistar Liberdade e Riqueza"},"content":{"rendered":"<p data-start=\"324\" data-end=\"588\">Voc\u00ea j\u00e1 se perguntou por que sobra tanto m\u00eas no fim do seu sal\u00e1rio? Em <em data-start=\"421\" data-end=\"432\">Me Poupe!<\/em>, Nathalia Arcuri revela como transformar a sua rela\u00e7\u00e3o com o dinheiro e dar os primeiros passos rumo \u00e0 <strong data-start=\"536\" data-end=\"560\">liberdade financeira<\/strong> sem abrir m\u00e3o do que ama.<\/p>\n<p data-start=\"590\" data-end=\"824\"><strong data-start=\"590\" data-end=\"636\">Transforme sua vida \/ benef\u00edcio principal:<\/strong><br data-start=\"636\" data-end=\"639\" \/>Este best-seller de finan\u00e7as pessoais ensina, de forma pr\u00e1tica e divertida, como organizar suas contas, economizar mais, investir melhor e alcan\u00e7ar a sonhada independ\u00eancia financeira.<\/p>\n<p data-start=\"826\" data-end=\"866\"><strong data-start=\"826\" data-end=\"864\">O que voc\u00ea vai aprender\/descobrir:<\/strong><\/p>\n<ul data-start=\"867\" data-end=\"1178\">\n<li data-start=\"867\" data-end=\"938\">\n<p data-start=\"869\" data-end=\"938\">Como criar um or\u00e7amento simples e funcional que realmente funciona.<\/p>\n<\/li>\n<li data-start=\"939\" data-end=\"992\">\n<p data-start=\"941\" data-end=\"992\">T\u00e9cnicas pr\u00e1ticas para economizar sem sofrimento.<\/p>\n<\/li>\n<li data-start=\"993\" data-end=\"1050\">\n<p data-start=\"995\" data-end=\"1050\">O poder dos investimentos para multiplicar sua renda.<\/p>\n<\/li>\n<li data-start=\"1051\" data-end=\"1110\">\n<p data-start=\"1053\" data-end=\"1110\">Estrat\u00e9gias para sair das d\u00edvidas de forma sustent\u00e1vel.<\/p>\n<\/li>\n<li data-start=\"1111\" data-end=\"1178\">\n<p data-start=\"1113\" data-end=\"1178\">A mentalidade necess\u00e1ria para enriquecer sem depender da sorte.<\/p>\n<\/li>\n<\/ul>\n<p data-start=\"1180\" data-end=\"1488\"><strong data-start=\"1180\" data-end=\"1213\">Conhe\u00e7a o autor (ou criador):<\/strong><br data-start=\"1213\" data-end=\"1216\" \/>Nathalia Arcuri \u00e9 jornalista, especialista em finan\u00e7as e criadora do maior canal de finan\u00e7as pessoais do YouTube no Brasil, tamb\u00e9m chamado <em data-start=\"1355\" data-end=\"1366\">Me Poupe!<\/em>. Com uma linguagem acess\u00edvel e cheia de humor, tornou-se refer\u00eancia em <strong data-start=\"1438\" data-end=\"1461\">educa\u00e7\u00e3o financeira<\/strong> para milh\u00f5es de pessoas.<\/p>\n<p data-start=\"1490\" data-end=\"1752\"><strong data-start=\"1490\" data-end=\"1518\">Como aplicar hoje mesmo:<\/strong><br data-start=\"1518\" data-end=\"1521\" \/>As dicas apresentadas no livro podem ser colocadas em pr\u00e1tica j\u00e1 no primeiro dia. Do controle dos gastos ao in\u00edcio nos investimentos, Nathalia entrega um passo a passo claro para quem quer mudar sua vida financeira sem enrola\u00e7\u00e3o.<\/p>\n<p data-start=\"1754\" data-end=\"1794\"><strong data-start=\"1754\" data-end=\"1792\">Este livro\/produto \u00e9 para voc\u00ea se\u2026<\/strong><\/p>\n<ul data-start=\"1795\" data-end=\"2077\">\n<li data-start=\"1795\" data-end=\"1839\">\n<p data-start=\"1797\" data-end=\"1839\">Vive endividado e quer sair do vermelho.<\/p>\n<\/li>\n<li data-start=\"1840\" data-end=\"1893\">\n<p data-start=\"1842\" data-end=\"1893\">Deseja come\u00e7ar a investir, mas n\u00e3o sabe por onde.<\/p>\n<\/li>\n<li data-start=\"1894\" data-end=\"1956\">\n<p data-start=\"1896\" data-end=\"1956\">Procura aprender sobre dinheiro de forma leve e divertida.<\/p>\n<\/li>\n<li data-start=\"1957\" data-end=\"2006\">\n<p data-start=\"1959\" data-end=\"2006\">Quer conquistar <strong data-start=\"1975\" data-end=\"2003\">independ\u00eancia financeira<\/strong>.<\/p>\n<\/li>\n<li data-start=\"2007\" data-end=\"2077\">\n<p data-start=\"2009\" data-end=\"2077\">Busca inspira\u00e7\u00e3o para assumir o controle do seu futuro financeiro.<\/p>\n<\/li>\n<\/ul>\n<p data-start=\"2079\" data-end=\"2296\"><strong data-start=\"2079\" data-end=\"2114\">Comece sua transforma\u00e7\u00e3o agora:<\/strong><br data-start=\"2114\" data-end=\"2117\" \/>N\u00e3o adie mais a sua liberdade financeira. \ud83d\udc49 Clique e descubra por que <em data-start=\"2188\" data-end=\"2199\">Me Poupe!<\/em> \u00e9 um dos livros mais recomendados para quem busca <strong data-start=\"2250\" data-end=\"2293\">educa\u00e7\u00e3o financeira pr\u00e1tica e acess\u00edvel<\/strong>.<\/p>\n","protected":false},"excerpt":{"rendered":"<p>Um guia leve e pr\u00e1tico de <strong data-start=\"2356\" data-end=\"2379\">educa\u00e7\u00e3o financeira<\/strong>, escrito por Nathalia Arcuri. \ud83d\udcb8 Comece a enriquecer de forma inteligente!<\/p>\n","protected":false},"featured_media":170,"template":"","meta":{"_uag_custom_page_level_css":""},"product_brand":[],"product_cat":[1168,1162,1577,1160,1161,1186,1173,1194],"product_tag":[113,102,91,116,103,94,95,92,111,93,112,118,115,117,114],"class_list":{"0":"post-169","1":"product","2":"type-product","3":"status-publish","4":"has-post-thumbnail","6":"product_cat-biografias-historias-de-sucesso-financeiro","7":"product_cat-economia-comportamental","8":"product_cat-financas-negocios","9":"product_cat-financas-pessoais","10":"product_cat-investimentos-independencia-financeira","11":"product_cat-mentalidade-empreendedora","12":"product_cat-motivacao-proposito","13":"product_cat-motivacao-sucesso-pessoal","14":"product_tag-como-economizar","15":"product_tag-como-enriquecer","16":"product_tag-educacao-financeira","17":"product_tag-financas-descomplicadas","18":"product_tag-financas-pessoais","19":"product_tag-independencia-financeira","20":"product_tag-investimentos","21":"product_tag-liberdade-financeira","22":"product_tag-me-poupe","23":"product_tag-mentalidade-milionaria","24":"product_tag-nathalia-arcuri","25":"product_tag-organizacao-financeira","26":"product_tag-planejamento-financeiro","27":"product_tag-renda-extra","28":"product_tag-sair-das-dividas","30":"first","31":"instock","32":"shipping-taxable","33":"product-type-external"},"uagb_featured_image_src":{"full":["https:\/\/leituraobrigat\u00f3ria.com\/wp-content\/uploads\/2025\/09\/Me-Poupe.jpg",296,445,false],"thumbnail":["https:\/\/leituraobrigat\u00f3ria.com\/wp-content\/uploads\/2025\/09\/Me-Poupe-150x150.jpg",150,150,true],"medium":["https:\/\/leituraobrigat\u00f3ria.com\/wp-content\/uploads\/2025\/09\/Me-Poupe-200x300.jpg",200,300,true],"medium_large":["https:\/\/leituraobrigat\u00f3ria.com\/wp-content\/uploads\/2025\/09\/Me-Poupe.jpg",296,445,false],"large":["https:\/\/leituraobrigat\u00f3ria.com\/wp-content\/uploads\/2025\/09\/Me-Poupe.jpg",296,445,false],"1536x1536":["https:\/\/leituraobrigat\u00f3ria.com\/wp-content\/uploads\/2025\/09\/Me-Poupe.jpg",296,445,false],"2048x2048":["https:\/\/leituraobrigat\u00f3ria.com\/wp-content\/uploads\/2025\/09\/Me-Poupe.jpg",296,445,false],"woocommerce_thumbnail":["https:\/\/leituraobrigat\u00f3ria.com\/wp-content\/uploads\/2025\/09\/Me-Poupe.jpg",296,445,false],"woocommerce_single":["https:\/\/leituraobrigat\u00f3ria.com\/wp-content\/uploads\/2025\/09\/Me-Poupe.jpg",296,445,false],"woocommerce_gallery_thumbnail":["https:\/\/leituraobrigat\u00f3ria.com\/wp-content\/uploads\/2025\/09\/Me-Poupe-100x100.jpg",100,100,true]},"uagb_author_info":{"display_name":"Maicon Roberto","author_link":"https:\/\/leituraobrigat\u00f3ria.com\/author"},"uagb_comment_info":0,"uagb_excerpt":"Um guia leve e pr\u00e1tico de educa\u00e7\u00e3o financeira, escrito por Nathalia Arcuri. \ud83d\udcb8 Comece a enriquecer de forma inteligente!","_links":{"self":[{"href":"https:\/\/leituraobrigat\u00f3ria.com\/index.php?rest_route=\/wp\/v2\/product\/169","targetHints":{"allow":["GET"]}}],"collection":[{"href":"https:\/\/leituraobrigat\u00f3ria.com\/index.php?rest_route=\/wp\/v2\/product"}],"about":[{"href":"https:\/\/leituraobrigat\u00f3ria.com\/index.php?rest_route=\/wp\/v2\/types\/product"}],"wp:featuredmedia":[{"embeddable":true,"href":"https:\/\/leituraobrigat\u00f3ria.com\/index.php?rest_route=\/wp\/v2\/media\/170"}],"wp:attachment":[{"href":"https:\/\/leituraobrigat\u00f3ria.com\/index.php?rest_route=%2Fwp%2Fv2%2Fmedia&parent=169"}],"wp:term":[{"taxonomy":"product_brand","embeddable":true,"href":"https:\/\/leituraobrigat\u00f3ria.com\/index.php?rest_route=%2Fwp%2Fv2%2Fproduct_brand&post=169"},{"taxonomy":"product_cat","embeddable":true,"href":"https:\/\/leituraobrigat\u00f3ria.com\/index.php?rest_route=%2Fwp%2Fv2%2Fproduct_cat&post=169"},{"taxonomy":"product_tag","embeddable":true,"href":"https:\/\/leituraobrigat\u00f3ria.com\/index.php?rest_route=%2Fwp%2Fv2%2Fproduct_tag&post=169"}],"curies":[{"name":"wp","href":"https:\/\/api.w.org\/{rel}","templated":true}]}}