{"id":248,"date":"2025-09-24T19:07:09","date_gmt":"2025-09-24T22:07:09","guid":{"rendered":"https:\/\/xn--leituraobrigatria-tyb.com\/?post_type=product&#038;p=248"},"modified":"2025-10-06T20:42:27","modified_gmt":"2025-10-06T23:42:27","slug":"nudge-como-tomar-decisoes-inteligentes-para-financas-saude-e-sucesso","status":"publish","type":"product","link":"https:\/\/leituraobrigat\u00f3ria.com\/?product=nudge-como-tomar-decisoes-inteligentes-para-financas-saude-e-sucesso","title":{"rendered":"Nudge \u2013 Como Tomar Decis\u00f5es Inteligentes para Finan\u00e7as, Sa\u00fade e Sucesso"},"content":{"rendered":"<p data-start=\"291\" data-end=\"576\"><strong data-start=\"291\" data-end=\"348\">Pequenas escolhas podem mudar completamente sua vida.<\/strong><br data-start=\"348\" data-end=\"351\" \/>Em \u201cNudge\u201d, Richard H. Thaler \u2014 Pr\u00eamio Nobel de Economia \u2014 e Cass R. Sunstein revelam como ajustes sutis no ambiente de decis\u00e3o podem direcionar pessoas a melhores resultados em finan\u00e7as, sa\u00fade, relacionamentos e bem-estar.<\/p>\n<h3 data-start=\"578\" data-end=\"626\">Transforme sua vida com o poder dos nudges<\/h3>\n<p data-start=\"627\" data-end=\"860\">Ao aplicar os conceitos deste livro, voc\u00ea aprender\u00e1 a reconhecer influ\u00eancias invis\u00edveis em suas escolhas e poder\u00e1 direcionar suas decis\u00f5es para conquistar <strong data-start=\"782\" data-end=\"857\">liberdade financeira, h\u00e1bitos mais saud\u00e1veis e maior realiza\u00e7\u00e3o pessoal<\/strong>.<\/p>\n<h3 data-start=\"862\" data-end=\"902\">O que voc\u00ea vai aprender\/descobrir:<\/h3>\n<ul data-start=\"903\" data-end=\"1282\">\n<li data-start=\"903\" data-end=\"981\">\n<p data-start=\"905\" data-end=\"981\">Como a economia comportamental explica decis\u00f5es aparentemente irracionais.<\/p>\n<\/li>\n<li data-start=\"982\" data-end=\"1040\">\n<p data-start=\"984\" data-end=\"1040\">O papel dos \u201cnudges\u201d na cria\u00e7\u00e3o de h\u00e1bitos duradouros.<\/p>\n<\/li>\n<li data-start=\"1041\" data-end=\"1118\">\n<p data-start=\"1043\" data-end=\"1118\">Estrat\u00e9gias para melhorar escolhas financeiras, de consumo e de carreira.<\/p>\n<\/li>\n<li data-start=\"1119\" data-end=\"1198\">\n<p data-start=\"1121\" data-end=\"1198\">Como governos e empresas usam nudges para gerar impacto social e econ\u00f4mico.<\/p>\n<\/li>\n<li data-start=\"1199\" data-end=\"1282\">\n<p data-start=\"1201\" data-end=\"1282\">Maneiras pr\u00e1ticas de aplicar nudges na sua pr\u00f3pria vida para atingir objetivos.<\/p>\n<\/li>\n<\/ul>\n<h3 data-start=\"1284\" data-end=\"1308\">Conhe\u00e7a os autores<\/h3>\n<ul data-start=\"1309\" data-end=\"1617\">\n<li data-start=\"1309\" data-end=\"1466\">\n<p data-start=\"1311\" data-end=\"1466\"><strong data-start=\"1311\" data-end=\"1332\">Richard H. Thaler<\/strong> \u00e9 professor da Universidade de Chicago e refer\u00eancia mundial em economia comportamental, reconhecido com o Pr\u00eamio Nobel de Economia.<\/p>\n<\/li>\n<li data-start=\"1467\" data-end=\"1617\">\n<p data-start=\"1469\" data-end=\"1617\"><strong data-start=\"1469\" data-end=\"1489\">Cass R. Sunstein<\/strong> \u00e9 professor de Direito em Harvard e especialista em pol\u00edticas p\u00fablicas, trazendo vis\u00e3o pr\u00e1tica e aplicada \u00e0s ideias do livro.<\/p>\n<\/li>\n<\/ul>\n<h3 data-start=\"1619\" data-end=\"1648\">Como aplicar hoje mesmo<\/h3>\n<p data-start=\"1649\" data-end=\"1846\">Voc\u00ea pode come\u00e7ar a aplicar os nudges em situa\u00e7\u00f5es simples: ao organizar suas finan\u00e7as pessoais, ao definir metas de produtividade, ou at\u00e9 mesmo ao estruturar escolhas alimentares mais saud\u00e1veis.<\/p>\n<h3 data-start=\"1848\" data-end=\"1880\">Este livro \u00e9 para voc\u00ea se\u2026<\/h3>\n<ul data-start=\"1881\" data-end=\"2227\">\n<li data-start=\"1881\" data-end=\"1950\">\n<p data-start=\"1883\" data-end=\"1950\">Quer entender como melhorar suas decis\u00f5es financeiras e pessoais.<\/p>\n<\/li>\n<li data-start=\"1951\" data-end=\"2024\">\n<p data-start=\"1953\" data-end=\"2024\">Busca desenvolver <strong data-start=\"1971\" data-end=\"2021\">autoconhecimento e intelig\u00eancia comportamental<\/strong>.<\/p>\n<\/li>\n<li data-start=\"2025\" data-end=\"2091\">\n<p data-start=\"2027\" data-end=\"2091\">Trabalha com \u00e1reas como empreendedorismo, marketing ou gest\u00e3o.<\/p>\n<\/li>\n<li data-start=\"2092\" data-end=\"2156\">\n<p data-start=\"2094\" data-end=\"2156\">Deseja conquistar liberdade financeira e h\u00e1bitos de sucesso.<\/p>\n<\/li>\n<li data-start=\"2157\" data-end=\"2227\">\n<p data-start=\"2159\" data-end=\"2227\">Gosta de livros de finan\u00e7as, psicologia e desenvolvimento pessoal.<\/p>\n<\/li>\n<\/ul>\n<h3 data-start=\"2229\" data-end=\"2265\">Comece sua transforma\u00e7\u00e3o agora<\/h3>\n<p data-start=\"2266\" data-end=\"2458\">N\u00e3o deixe que escolhas inconscientes definam seu futuro. <strong data-start=\"2323\" data-end=\"2379\">Clique no bot\u00e3o e garanta j\u00e1 seu exemplar de \u201cNudge\u201d<\/strong> \u2014 um guia essencial para quem deseja evolu\u00e7\u00e3o pessoal e sucesso sustent\u00e1vel.<\/p>\n","protected":false},"excerpt":{"rendered":"<p>Um guia poderoso sobre como pequenas mudan\u00e7as podem gerar grandes resultados em finan\u00e7as, sa\u00fade e vida pessoal.<\/p>\n","protected":false},"featured_media":249,"template":"","meta":{"_uag_custom_page_level_css":""},"product_brand":[],"product_cat":[1171,1169,1162,1176,1577,1165,1567,1580],"product_tag":[171,307,309,308,100,127,98,311,310,92,99,312,306,302,304],"class_list":{"0":"post-248","1":"product","2":"type-product","3":"status-publish","4":"has-post-thumbnail","6":"product_cat-autoconhecimento-inteligencia-emocional","7":"product_cat-classicos-economicos-inspiracao","8":"product_cat-economia-comportamental","9":"product_cat-filosofia-mentalidade","10":"product_cat-financas-negocios","11":"product_cat-gestao-estrategia","12":"product_cat-inteligencia-emocional-no-trabalho","13":"product_cat-psicologia-social-comportamento","14":"product_tag-autoconhecimento","15":"product_tag-cass-sunstein","16":"product_tag-comportamento-humano","17":"product_tag-decisoes-inteligentes","18":"product_tag-desenvolvimento-pessoal","19":"product_tag-economia-comportamental","20":"product_tag-empreendedorismo","21":"product_tag-escolhas-financeiras","22":"product_tag-habitos-saudaveis","23":"product_tag-liberdade-financeira","24":"product_tag-livros-de-financas","25":"product_tag-mentalidade-de-sucesso","26":"product_tag-nudge","27":"product_tag-psicologia-economica","28":"product_tag-richard-thaler","30":"first","31":"instock","32":"shipping-taxable","33":"product-type-external"},"uagb_featured_image_src":{"full":["https:\/\/leituraobrigat\u00f3ria.com\/wp-content\/uploads\/2025\/09\/Nudge-1.jpg",297,425,false],"thumbnail":["https:\/\/leituraobrigat\u00f3ria.com\/wp-content\/uploads\/2025\/09\/Nudge-1-150x150.jpg",150,150,true],"medium":["https:\/\/leituraobrigat\u00f3ria.com\/wp-content\/uploads\/2025\/09\/Nudge-1-210x300.jpg",210,300,true],"medium_large":["https:\/\/leituraobrigat\u00f3ria.com\/wp-content\/uploads\/2025\/09\/Nudge-1.jpg",297,425,false],"large":["https:\/\/leituraobrigat\u00f3ria.com\/wp-content\/uploads\/2025\/09\/Nudge-1.jpg",297,425,false],"1536x1536":["https:\/\/leituraobrigat\u00f3ria.com\/wp-content\/uploads\/2025\/09\/Nudge-1.jpg",297,425,false],"2048x2048":["https:\/\/leituraobrigat\u00f3ria.com\/wp-content\/uploads\/2025\/09\/Nudge-1.jpg",297,425,false],"woocommerce_thumbnail":["https:\/\/leituraobrigat\u00f3ria.com\/wp-content\/uploads\/2025\/09\/Nudge-1.jpg",297,425,false],"woocommerce_single":["https:\/\/leituraobrigat\u00f3ria.com\/wp-content\/uploads\/2025\/09\/Nudge-1.jpg",297,425,false],"woocommerce_gallery_thumbnail":["https:\/\/leituraobrigat\u00f3ria.com\/wp-content\/uploads\/2025\/09\/Nudge-1-100x100.jpg",100,100,true]},"uagb_author_info":{"display_name":"Maicon Roberto","author_link":"https:\/\/leituraobrigat\u00f3ria.com\/author"},"uagb_comment_info":0,"uagb_excerpt":"Um guia poderoso sobre como pequenas mudan\u00e7as podem gerar grandes resultados em finan\u00e7as, sa\u00fade e vida pessoal.","_links":{"self":[{"href":"https:\/\/leituraobrigat\u00f3ria.com\/index.php?rest_route=\/wp\/v2\/product\/248","targetHints":{"allow":["GET"]}}],"collection":[{"href":"https:\/\/leituraobrigat\u00f3ria.com\/index.php?rest_route=\/wp\/v2\/product"}],"about":[{"href":"https:\/\/leituraobrigat\u00f3ria.com\/index.php?rest_route=\/wp\/v2\/types\/product"}],"wp:featuredmedia":[{"embeddable":true,"href":"https:\/\/leituraobrigat\u00f3ria.com\/index.php?rest_route=\/wp\/v2\/media\/249"}],"wp:attachment":[{"href":"https:\/\/leituraobrigat\u00f3ria.com\/index.php?rest_route=%2Fwp%2Fv2%2Fmedia&parent=248"}],"wp:term":[{"taxonomy":"product_brand","embeddable":true,"href":"https:\/\/leituraobrigat\u00f3ria.com\/index.php?rest_route=%2Fwp%2Fv2%2Fproduct_brand&post=248"},{"taxonomy":"product_cat","embeddable":true,"href":"https:\/\/leituraobrigat\u00f3ria.com\/index.php?rest_route=%2Fwp%2Fv2%2Fproduct_cat&post=248"},{"taxonomy":"product_tag","embeddable":true,"href":"https:\/\/leituraobrigat\u00f3ria.com\/index.php?rest_route=%2Fwp%2Fv2%2Fproduct_tag&post=248"}],"curies":[{"name":"wp","href":"https:\/\/api.w.org\/{rel}","templated":true}]}}