{"id":261,"date":"2025-09-26T14:28:51","date_gmt":"2025-09-26T17:28:51","guid":{"rendered":"https:\/\/xn--leituraobrigatria-tyb.com\/?post_type=product&#038;p=261"},"modified":"2025-10-06T21:10:24","modified_gmt":"2025-10-07T00:10:24","slug":"avaliacao-de-empresas-metodos-de-valuation-com-aswath-damodaran","status":"publish","type":"product","link":"https:\/\/leituraobrigat\u00f3ria.com\/?product=avaliacao-de-empresas-metodos-de-valuation-com-aswath-damodaran","title":{"rendered":"Avalia\u00e7\u00e3o de Empresas \u2013 M\u00e9todos de Valuation com Aswath Damodaran"},"content":{"rendered":"<p data-start=\"303\" data-end=\"624\"><strong data-start=\"303\" data-end=\"341\">Quanto realmente vale uma empresa?<\/strong><br data-start=\"341\" data-end=\"344\" \/>Em <em data-start=\"347\" data-end=\"372\">\u201cAvalia\u00e7\u00e3o de Empresas\u201d<\/em>, o renomado professor e especialista em finan\u00e7as <strong data-start=\"422\" data-end=\"442\">Aswath Damodaran<\/strong> \u2014 considerado a maior autoridade mundial em valuation \u2014 apresenta os m\u00e9todos mais completos e pr\u00e1ticos para analisar e calcular o valor de neg\u00f3cios de diferentes portes e setores.<\/p>\n<h3 data-start=\"626\" data-end=\"673\">Transforme sua forma de analisar empresas<\/h3>\n<p data-start=\"674\" data-end=\"895\">Este livro \u00e9 leitura essencial para investidores, gestores e empreendedores que desejam compreender como <strong data-start=\"779\" data-end=\"892\">avaliar ativos, precificar neg\u00f3cios e tomar decis\u00f5es estrat\u00e9gicas com base em fundamentos financeiros s\u00f3lidos<\/strong>.<\/p>\n<h3 data-start=\"897\" data-end=\"937\">O que voc\u00ea vai aprender\/descobrir:<\/h3>\n<ul data-start=\"938\" data-end=\"1396\">\n<li data-start=\"938\" data-end=\"1053\">\n<p data-start=\"940\" data-end=\"1053\">Principais m\u00e9todos de valuation aplicados ao mercado (Fluxo de Caixa Descontado, M\u00faltiplos, Op\u00e7\u00f5es Reais etc.).<\/p>\n<\/li>\n<li data-start=\"1054\" data-end=\"1151\">\n<p data-start=\"1056\" data-end=\"1151\">Como precificar empresas de diferentes setores, incluindo startups e neg\u00f3cios em crescimento.<\/p>\n<\/li>\n<li data-start=\"1152\" data-end=\"1225\">\n<p data-start=\"1154\" data-end=\"1225\">Estrat\u00e9gias para lidar com incertezas, riscos e premissas de mercado.<\/p>\n<\/li>\n<li data-start=\"1226\" data-end=\"1314\">\n<p data-start=\"1228\" data-end=\"1314\">A diferen\u00e7a entre valor e pre\u00e7o \u2014 e por que investidores erram ao confundir os dois.<\/p>\n<\/li>\n<li data-start=\"1315\" data-end=\"1396\">\n<p data-start=\"1317\" data-end=\"1396\">Casos pr\u00e1ticos que mostram a aplica\u00e7\u00e3o real do valuation em grandes empresas.<\/p>\n<\/li>\n<\/ul>\n<h3 data-start=\"1398\" data-end=\"1419\">Conhe\u00e7a o autor<\/h3>\n<p data-start=\"1420\" data-end=\"1709\"><strong data-start=\"1420\" data-end=\"1440\">Aswath Damodaran<\/strong> \u00e9 professor de Finan\u00e7as na <em data-start=\"1468\" data-end=\"1494\">Stern School of Business<\/em> da Universidade de Nova York e autor de diversos cl\u00e1ssicos sobre valuation e finan\u00e7as corporativas. Reconhecido como \u201co papa do valuation\u201d, \u00e9 refer\u00eancia global para investidores, analistas e gestores de empresas.<\/p>\n<h3 data-start=\"1711\" data-end=\"1740\">Como aplicar hoje mesmo<\/h3>\n<p data-start=\"1741\" data-end=\"1993\">Os conceitos do livro podem ser aplicados por investidores individuais para avaliar a\u00e7\u00f5es, por empreendedores que buscam entender o valor de seus neg\u00f3cios ou por gestores que precisam tomar decis\u00f5es de investimento e financiamento com maior precis\u00e3o.<\/p>\n<h3 data-start=\"1995\" data-end=\"2027\">Este livro \u00e9 para voc\u00ea se\u2026<\/h3>\n<ul data-start=\"2028\" data-end=\"2398\">\n<li data-start=\"2028\" data-end=\"2100\">\n<p data-start=\"2030\" data-end=\"2100\">Quer aprender os fundamentos do valuation de forma clara e aplicada.<\/p>\n<\/li>\n<li data-start=\"2101\" data-end=\"2179\">\n<p data-start=\"2103\" data-end=\"2179\">\u00c9 investidor e deseja identificar empresas subavaliadas ou superavaliadas.<\/p>\n<\/li>\n<li data-start=\"2180\" data-end=\"2255\">\n<p data-start=\"2182\" data-end=\"2255\">Trabalha em \u00e1reas de finan\u00e7as corporativas, M&amp;A ou mercado de capitais.<\/p>\n<\/li>\n<li data-start=\"2256\" data-end=\"2326\">\n<p data-start=\"2258\" data-end=\"2326\">Busca aprofundar conhecimentos em gest\u00e3o e estrat\u00e9gia empresarial.<\/p>\n<\/li>\n<li data-start=\"2327\" data-end=\"2398\">\n<p data-start=\"2329\" data-end=\"2398\">\u00c9 empreendedor e deseja conhecer o verdadeiro valor do seu neg\u00f3cio.<\/p>\n<\/li>\n<\/ul>\n<h3 data-start=\"2400\" data-end=\"2436\">Comece sua transforma\u00e7\u00e3o agora<\/h3>\n<p data-start=\"2437\" data-end=\"2636\">Seja voc\u00ea investidor, gestor ou empreendedor, dominar valuation \u00e9 essencial para tomar decis\u00f5es inteligentes. <strong data-start=\"2547\" data-end=\"2619\">Clique no bot\u00e3o e garanta j\u00e1 seu exemplar de \u201cAvalia\u00e7\u00e3o de Empresas\u201d<\/strong> com Damodaran.<\/p>\n","protected":false},"excerpt":{"rendered":"<p>O guia definitivo de Aswath Damodaran sobre valuation, trazendo m\u00e9todos pr\u00e1ticos para avaliar neg\u00f3cios e tomar decis\u00f5es financeiras estrat\u00e9gicas. \ud83d\udcca<\/p>\n","protected":false},"featured_media":262,"template":"","meta":{"_uag_custom_page_level_css":""},"product_brand":[],"product_cat":[1169,1230,1183,1577,1163,1165,1161,1234],"product_tag":[352,347,348,357,349,353,350,359,356,358,355,351,354,360,268],"class_list":{"0":"post-261","1":"product","2":"type-product","3":"status-publish","4":"has-post-thumbnail","6":"product_cat-classicos-economicos-inspiracao","7":"product_cat-desenvolvimento-de-carreira","8":"product_cat-financas-gestao-empresarial","9":"product_cat-financas-negocios","10":"product_cat-financas-corporativas-valuation","11":"product_cat-gestao-estrategia","12":"product_cat-investimentos-independencia-financeira","13":"product_cat-lideranca-profissional","14":"product_tag-analise-de-investimentos","15":"product_tag-avaliacao-de-empresas","16":"product_tag-damodaran","17":"product_tag-estrategias-de-negocios","18":"product_tag-financas-corporativas","19":"product_tag-financas-empresariais","20":"product_tag-fluxo-de-caixa-descontado","21":"product_tag-fusoes-e-aquisicoes","22":"product_tag-gestao-financeira","23":"product_tag-investimentos-avancados","24":"product_tag-mercado-de-capitais","25":"product_tag-multiplos-de-mercado","26":"product_tag-precificacao-de-empresas","27":"product_tag-valor-de-empresas","28":"product_tag-valuation","30":"first","31":"instock","32":"shipping-taxable","33":"product-type-external"},"uagb_featured_image_src":{"full":["https:\/\/leituraobrigat\u00f3ria.com\/wp-content\/uploads\/2025\/09\/Avaliacao-de-Empresas-1.jpg",291,385,false],"thumbnail":["https:\/\/leituraobrigat\u00f3ria.com\/wp-content\/uploads\/2025\/09\/Avaliacao-de-Empresas-1-150x150.jpg",150,150,true],"medium":["https:\/\/leituraobrigat\u00f3ria.com\/wp-content\/uploads\/2025\/09\/Avaliacao-de-Empresas-1-227x300.jpg",227,300,true],"medium_large":["https:\/\/leituraobrigat\u00f3ria.com\/wp-content\/uploads\/2025\/09\/Avaliacao-de-Empresas-1.jpg",291,385,false],"large":["https:\/\/leituraobrigat\u00f3ria.com\/wp-content\/uploads\/2025\/09\/Avaliacao-de-Empresas-1.jpg",291,385,false],"1536x1536":["https:\/\/leituraobrigat\u00f3ria.com\/wp-content\/uploads\/2025\/09\/Avaliacao-de-Empresas-1.jpg",291,385,false],"2048x2048":["https:\/\/leituraobrigat\u00f3ria.com\/wp-content\/uploads\/2025\/09\/Avaliacao-de-Empresas-1.jpg",291,385,false],"woocommerce_thumbnail":["https:\/\/leituraobrigat\u00f3ria.com\/wp-content\/uploads\/2025\/09\/Avaliacao-de-Empresas-1.jpg",291,385,false],"woocommerce_single":["https:\/\/leituraobrigat\u00f3ria.com\/wp-content\/uploads\/2025\/09\/Avaliacao-de-Empresas-1.jpg",291,385,false],"woocommerce_gallery_thumbnail":["https:\/\/leituraobrigat\u00f3ria.com\/wp-content\/uploads\/2025\/09\/Avaliacao-de-Empresas-1-100x100.jpg",100,100,true]},"uagb_author_info":{"display_name":"Maicon Roberto","author_link":"https:\/\/leituraobrigat\u00f3ria.com\/author"},"uagb_comment_info":0,"uagb_excerpt":"O guia definitivo de Aswath Damodaran sobre valuation, trazendo m\u00e9todos pr\u00e1ticos para avaliar neg\u00f3cios e tomar decis\u00f5es financeiras estrat\u00e9gicas. \ud83d\udcca","_links":{"self":[{"href":"https:\/\/leituraobrigat\u00f3ria.com\/index.php?rest_route=\/wp\/v2\/product\/261","targetHints":{"allow":["GET"]}}],"collection":[{"href":"https:\/\/leituraobrigat\u00f3ria.com\/index.php?rest_route=\/wp\/v2\/product"}],"about":[{"href":"https:\/\/leituraobrigat\u00f3ria.com\/index.php?rest_route=\/wp\/v2\/types\/product"}],"wp:featuredmedia":[{"embeddable":true,"href":"https:\/\/leituraobrigat\u00f3ria.com\/index.php?rest_route=\/wp\/v2\/media\/262"}],"wp:attachment":[{"href":"https:\/\/leituraobrigat\u00f3ria.com\/index.php?rest_route=%2Fwp%2Fv2%2Fmedia&parent=261"}],"wp:term":[{"taxonomy":"product_brand","embeddable":true,"href":"https:\/\/leituraobrigat\u00f3ria.com\/index.php?rest_route=%2Fwp%2Fv2%2Fproduct_brand&post=261"},{"taxonomy":"product_cat","embeddable":true,"href":"https:\/\/leituraobrigat\u00f3ria.com\/index.php?rest_route=%2Fwp%2Fv2%2Fproduct_cat&post=261"},{"taxonomy":"product_tag","embeddable":true,"href":"https:\/\/leituraobrigat\u00f3ria.com\/index.php?rest_route=%2Fwp%2Fv2%2Fproduct_tag&post=261"}],"curies":[{"name":"wp","href":"https:\/\/api.w.org\/{rel}","templated":true}]}}