{"id":332,"date":"2025-09-28T09:59:11","date_gmt":"2025-09-28T12:59:11","guid":{"rendered":"https:\/\/xn--leituraobrigatria-tyb.com\/?post_type=product&#038;p=332"},"modified":"2025-10-07T14:32:04","modified_gmt":"2025-10-07T17:32:04","slug":"a-sabedoria-de-charlie-munger-estrategias-de-investimentos-mentalidade-bilionaria","status":"publish","type":"product","link":"https:\/\/leituraobrigat\u00f3ria.com\/?product=a-sabedoria-de-charlie-munger-estrategias-de-investimentos-mentalidade-bilionaria","title":{"rendered":"A Sabedoria de Charlie Munger \u2013 Estrat\u00e9gias de Investimentos &#038; Mentalidade Bilion\u00e1ria"},"content":{"rendered":"<p data-start=\"179\" data-end=\"614\"><strong data-start=\"179\" data-end=\"266\">Voc\u00ea j\u00e1 imaginou ter acesso direto \u00e0 mente de um dos maiores investidores do mundo?<\/strong><br data-start=\"266\" data-end=\"269\" \/>Charlie Munger, parceiro insepar\u00e1vel de Warren Buffett na Berkshire Hathaway, \u00e9 reconhecido como um dos maiores g\u00eanios da hist\u00f3ria dos investimentos e do pensamento cr\u00edtico. Este livro revela sua filosofia pr\u00e1tica de vida, neg\u00f3cios e tomada de decis\u00e3o \u2013 um guia atemporal para quem deseja construir riqueza, clareza mental e sabedoria pr\u00e1tica.<\/p>\n<p data-start=\"616\" data-end=\"958\"><strong data-start=\"616\" data-end=\"667\">Transforme sua vida com a mentalidade de Munger<\/strong><br data-start=\"667\" data-end=\"670\" \/>Ao explorar suas ideias, voc\u00ea vai descobrir como simplificar escolhas, reduzir erros financeiros e aplicar princ\u00edpios de longo prazo que levaram \u00e0 constru\u00e7\u00e3o de imp\u00e9rios bilion\u00e1rios. A leitura n\u00e3o \u00e9 apenas sobre dinheiro, mas sobre <strong data-start=\"902\" data-end=\"955\">como pensar melhor e viver de forma mais racional<\/strong>.<\/p>\n<p data-start=\"960\" data-end=\"1002\"><strong data-start=\"960\" data-end=\"1000\">O que voc\u00ea vai aprender neste livro:<\/strong><\/p>\n<ul data-start=\"1003\" data-end=\"1359\">\n<li data-start=\"1003\" data-end=\"1081\">\n<p data-start=\"1005\" data-end=\"1081\">Como aplicar o modelo mental de Charlie Munger para investimentos s\u00f3lidos.<\/p>\n<\/li>\n<li data-start=\"1082\" data-end=\"1151\">\n<p data-start=\"1084\" data-end=\"1151\">A import\u00e2ncia da paci\u00eancia, disciplina e pensamento independente.<\/p>\n<\/li>\n<li data-start=\"1152\" data-end=\"1225\">\n<p data-start=\"1154\" data-end=\"1225\">Estrat\u00e9gias para evitar armadilhas financeiras e decis\u00f5es emocionais.<\/p>\n<\/li>\n<li data-start=\"1226\" data-end=\"1300\">\n<p data-start=\"1228\" data-end=\"1300\">Princ\u00edpios de sucesso aplic\u00e1veis em neg\u00f3cios, carreira e vida pessoal.<\/p>\n<\/li>\n<li data-start=\"1301\" data-end=\"1359\">\n<p data-start=\"1303\" data-end=\"1359\">Reflex\u00f5es sobre \u00e9tica, valores e aprendizado cont\u00ednuo.<\/p>\n<\/li>\n<\/ul>\n<p data-start=\"1361\" data-end=\"1721\"><strong data-start=\"1361\" data-end=\"1380\">Conhe\u00e7a o autor<\/strong><br data-start=\"1380\" data-end=\"1383\" \/>Charles T. Munger \u00e9 vice-presidente da Berkshire Hathaway e parceiro estrat\u00e9gico de Warren Buffett h\u00e1 d\u00e9cadas. Al\u00e9m de investidor brilhante, \u00e9 filantropo, advogado e pensador com uma vis\u00e3o \u00fanica sobre economia, psicologia e comportamento humano. Suas ideias s\u00e3o refer\u00eancia global em <strong data-start=\"1666\" data-end=\"1718\">finan\u00e7as, empreendedorismo e autodesenvolvimento<\/strong>.<\/p>\n<p data-start=\"1723\" data-end=\"1978\"><strong data-start=\"1723\" data-end=\"1750\">Como aplicar hoje mesmo<\/strong><br data-start=\"1750\" data-end=\"1753\" \/>Ao terminar a leitura, voc\u00ea ter\u00e1 ferramentas pr\u00e1ticas para tomar decis\u00f5es mais inteligentes, investir com mais seguran\u00e7a e construir uma mentalidade de longo prazo \u2013 aplic\u00e1vel em sua vida financeira, profissional e pessoal.<\/p>\n<p data-start=\"1980\" data-end=\"2012\"><strong data-start=\"1980\" data-end=\"2010\">Este livro \u00e9 para voc\u00ea se\u2026<\/strong><\/p>\n<ul data-start=\"2013\" data-end=\"2324\">\n<li data-start=\"2013\" data-end=\"2060\">\n<p data-start=\"2015\" data-end=\"2060\">Busca liberdade financeira com base s\u00f3lida.<\/p>\n<\/li>\n<li data-start=\"2061\" data-end=\"2130\">\n<p data-start=\"2063\" data-end=\"2130\">Quer aprender com um dos maiores investidores de todos os tempos.<\/p>\n<\/li>\n<li data-start=\"2131\" data-end=\"2191\">\n<p data-start=\"2133\" data-end=\"2191\">Deseja melhorar sua mentalidade e capacidade de decis\u00e3o.<\/p>\n<\/li>\n<li data-start=\"2192\" data-end=\"2266\">\n<p data-start=\"2194\" data-end=\"2266\">Se interessa por finan\u00e7as, desenvolvimento pessoal e empreendedorismo.<\/p>\n<\/li>\n<li data-start=\"2267\" data-end=\"2324\">\n<p data-start=\"2269\" data-end=\"2324\">Quer evitar erros comuns que custam tempo e dinheiro.<\/p>\n<\/li>\n<\/ul>\n<p data-start=\"2326\" data-end=\"2464\"><strong data-start=\"2326\" data-end=\"2361\">Comece sua transforma\u00e7\u00e3o agora!<\/strong><br data-start=\"2361\" data-end=\"2364\" \/>Clique no bot\u00e3o abaixo e descubra como pensar, investir e viver com a sabedoria de Charlie Munger.<\/p>\n","protected":false},"excerpt":{"rendered":"<p>Aprenda os princ\u00edpios atemporais de Charlie Munger para investir melhor, pensar de forma clara e conquistar liberdade financeira. \ud83d\udcd8<\/p>\n","protected":false},"featured_media":333,"template":"","meta":{"_uag_custom_page_level_css":""},"product_brand":[],"product_cat":[1168,1162,1176,1577,1160,1165,1161,1173],"product_tag":[171,271,581,100,127,583,103,151,92,584,582,147,101,301,203],"class_list":{"0":"post-332","1":"product","2":"type-product","3":"status-publish","4":"has-post-thumbnail","6":"product_cat-biografias-historias-de-sucesso-financeiro","7":"product_cat-economia-comportamental","8":"product_cat-filosofia-mentalidade","9":"product_cat-financas-negocios","10":"product_cat-financas-pessoais","11":"product_cat-gestao-estrategia","12":"product_cat-investimentos-independencia-financeira","13":"product_cat-motivacao-proposito","14":"product_tag-autoconhecimento","15":"product_tag-berkshire-hathaway","16":"product_tag-charlie-munger","17":"product_tag-desenvolvimento-pessoal","18":"product_tag-economia-comportamental","19":"product_tag-filosofia-estoica","20":"product_tag-financas-pessoais","21":"product_tag-investimentos-inteligentes","22":"product_tag-liberdade-financeira","23":"product_tag-livros-de-investimento","24":"product_tag-mentalidade-bilionaria","25":"product_tag-mentalidade-empreendedora","26":"product_tag-sucesso-financeiro","27":"product_tag-tomada-de-decisao","28":"product_tag-warren-buffett","30":"first","31":"instock","32":"shipping-taxable","33":"product-type-external"},"uagb_featured_image_src":{"full":["https:\/\/leituraobrigat\u00f3ria.com\/wp-content\/uploads\/2025\/09\/A-sabedoria-de-Charlie-Munger-1.jpg",296,425,false],"thumbnail":["https:\/\/leituraobrigat\u00f3ria.com\/wp-content\/uploads\/2025\/09\/A-sabedoria-de-Charlie-Munger-1-150x150.jpg",150,150,true],"medium":["https:\/\/leituraobrigat\u00f3ria.com\/wp-content\/uploads\/2025\/09\/A-sabedoria-de-Charlie-Munger-1-209x300.jpg",209,300,true],"medium_large":["https:\/\/leituraobrigat\u00f3ria.com\/wp-content\/uploads\/2025\/09\/A-sabedoria-de-Charlie-Munger-1.jpg",296,425,false],"large":["https:\/\/leituraobrigat\u00f3ria.com\/wp-content\/uploads\/2025\/09\/A-sabedoria-de-Charlie-Munger-1.jpg",296,425,false],"1536x1536":["https:\/\/leituraobrigat\u00f3ria.com\/wp-content\/uploads\/2025\/09\/A-sabedoria-de-Charlie-Munger-1.jpg",296,425,false],"2048x2048":["https:\/\/leituraobrigat\u00f3ria.com\/wp-content\/uploads\/2025\/09\/A-sabedoria-de-Charlie-Munger-1.jpg",296,425,false],"woocommerce_thumbnail":["https:\/\/leituraobrigat\u00f3ria.com\/wp-content\/uploads\/2025\/09\/A-sabedoria-de-Charlie-Munger-1.jpg",296,425,false],"woocommerce_single":["https:\/\/leituraobrigat\u00f3ria.com\/wp-content\/uploads\/2025\/09\/A-sabedoria-de-Charlie-Munger-1.jpg",296,425,false],"woocommerce_gallery_thumbnail":["https:\/\/leituraobrigat\u00f3ria.com\/wp-content\/uploads\/2025\/09\/A-sabedoria-de-Charlie-Munger-1-100x100.jpg",100,100,true]},"uagb_author_info":{"display_name":"Maicon Roberto","author_link":"https:\/\/leituraobrigat\u00f3ria.com\/author"},"uagb_comment_info":0,"uagb_excerpt":"Aprenda os princ\u00edpios atemporais de Charlie Munger para investir melhor, pensar de forma clara e conquistar liberdade financeira. \ud83d\udcd8","_links":{"self":[{"href":"https:\/\/leituraobrigat\u00f3ria.com\/index.php?rest_route=\/wp\/v2\/product\/332","targetHints":{"allow":["GET"]}}],"collection":[{"href":"https:\/\/leituraobrigat\u00f3ria.com\/index.php?rest_route=\/wp\/v2\/product"}],"about":[{"href":"https:\/\/leituraobrigat\u00f3ria.com\/index.php?rest_route=\/wp\/v2\/types\/product"}],"wp:featuredmedia":[{"embeddable":true,"href":"https:\/\/leituraobrigat\u00f3ria.com\/index.php?rest_route=\/wp\/v2\/media\/333"}],"wp:attachment":[{"href":"https:\/\/leituraobrigat\u00f3ria.com\/index.php?rest_route=%2Fwp%2Fv2%2Fmedia&parent=332"}],"wp:term":[{"taxonomy":"product_brand","embeddable":true,"href":"https:\/\/leituraobrigat\u00f3ria.com\/index.php?rest_route=%2Fwp%2Fv2%2Fproduct_brand&post=332"},{"taxonomy":"product_cat","embeddable":true,"href":"https:\/\/leituraobrigat\u00f3ria.com\/index.php?rest_route=%2Fwp%2Fv2%2Fproduct_cat&post=332"},{"taxonomy":"product_tag","embeddable":true,"href":"https:\/\/leituraobrigat\u00f3ria.com\/index.php?rest_route=%2Fwp%2Fv2%2Fproduct_tag&post=332"}],"curies":[{"name":"wp","href":"https:\/\/api.w.org\/{rel}","templated":true}]}}